{"id":2910,"date":"2022-10-05T19:19:46","date_gmt":"2022-10-05T17:19:46","guid":{"rendered":"https:\/\/gymyou.com\/?page_id=2910"},"modified":"2022-10-10T16:33:41","modified_gmt":"2022-10-10T14:33:41","slug":"privacy-policy-app","status":"publish","type":"page","link":"https:\/\/gymyou.com\/de\/privacy-policy-app\/","title":{"rendered":"Datenschutzrichtlinie (App)"},"content":{"rendered":"<div data-elementor-type=\"wp-page\" data-elementor-id=\"2910\" class=\"elementor elementor-2910\" data-elementor-settings=\"{&quot;ha_cmc_init_switcher&quot;:&quot;no&quot;}\" data-elementor-post-type=\"page\">\n\t\t\t\t<div class=\"elementor-element elementor-element-0e5352c e-flex e-con-boxed e-con e-parent\" data-id=\"0e5352c\" data-element_type=\"container\" data-e-type=\"container\" data-settings=\"{&quot;_ha_eqh_enable&quot;:false}\">\n\t\t\t\t\t<div class=\"e-con-inner\">\n\t\t<div class=\"elementor-element elementor-element-398ea5b e-con-full e-flex e-con e-parent\" data-id=\"398ea5b\" data-element_type=\"container\" data-e-type=\"container\" data-settings=\"{&quot;_ha_eqh_enable&quot;:false}\">\n\t\t<div class=\"elementor-element elementor-element-08c853c e-flex e-con-boxed e-con e-parent\" data-id=\"08c853c\" data-element_type=\"container\" data-e-type=\"container\" data-settings=\"{&quot;_ha_eqh_enable&quot;:false}\">\n\t\t\t\t\t<div class=\"e-con-inner\">\n\t\t\t\t\t<\/div>\n\t\t\t\t<\/div>\n\t\t\t\t<\/div>\n\t\t\t\t<div class=\"elementor-element elementor-element-503dd7e elementor-widget elementor-widget-shortcode\" data-id=\"503dd7e\" data-element_type=\"widget\" data-e-type=\"widget\" data-widget_type=\"shortcode.default\">\n\t\t\t\t<div class=\"elementor-widget-container\">\n\t\t\t\t\t\t\t<div class=\"elementor-shortcode\">\t\t<div data-elementor-type=\"section\" data-elementor-id=\"2838\" class=\"elementor elementor-2838\" data-elementor-settings=\"{&quot;ha_cmc_init_switcher&quot;:&quot;no&quot;}\" data-elementor-post-type=\"elementor_library\">\n\t\t\t<div class=\"elementor-element elementor-element-1c0407b e-con-full e-flex e-con e-parent\" data-id=\"1c0407b\" data-element_type=\"container\" data-e-type=\"container\" data-settings=\"{&quot;_ha_eqh_enable&quot;:false}\">\n\t\t\t\t<div class=\"elementor-element elementor-element-75b8420 elementor-widget elementor-widget-text-editor\" data-id=\"75b8420\" data-element_type=\"widget\" data-e-type=\"widget\" data-widget_type=\"text-editor.default\">\n\t\t\t\t<div class=\"elementor-widget-container\">\n\t\t\t\t\t\t\t\t\t<p>Diese Datenschutzrichtlinie gilt f\u00fcr die Nutzung der Anwendung \"GymYou\" (App) f\u00fcr das iPhone. Bitte lesen Sie sowohl diese Datenschutzrichtlinie als auch die Nutzungsbedingungen sorgf\u00e4ltig durch.<\/p><h4>\u00a0<\/h4><h4>Welche Daten und Informationen werden von der App erhoben und verwendet?<\/h4><p>Der Nutzer muss bei der Nutzung der GymYou-App keine pers\u00f6nlichen Daten angeben. \u00dcber die App werden keine pers\u00f6nlichen Daten zur Verf\u00fcgung gestellt, ver\u00f6ffentlicht, vermarktet oder anderweitig mit Dritten geteilt. Einige Funktionen erfordern die Zustimmung des Nutzers zum Zugriff auf bestimmte Daten, bevor er die Funktion nutzen kann.<\/p><p><strong>iCloud:<\/strong><\/p><p>Alle mit GymYou erstellten Daten werden in der pers\u00f6nlichen iCloud des Nutzers gespeichert, um eine Synchronisation mit anderen Ger\u00e4ten zu erm\u00f6glichen. In den Systemeinstellungen des jeweiligen Ger\u00e4ts kann die iCloud-Synchronisation vom Nutzer deaktiviert werden.<br \/>Zu den mit GymYou erstellten Daten geh\u00f6ren z. B. Trainingsdaten wie \u00dcbungen, S\u00e4tze, Gewicht und Wiederholungen, Dauer und Zeit, Muskelanteil, Gewicht und andere K\u00f6rperma\u00dfe, mit GymYou erstellte Bilder, Trainingspl\u00e4ne usw.<\/p><p>Die Synchronisierung mit iCloud dient auch als Backup f\u00fcr den Nutzer. Wechselt der Nutzer beispielsweise auf ein neues Ger\u00e4t, k\u00f6nnen alle Daten, die zuletzt in iCloud gespeichert wurden, wiederhergestellt werden. Aus diesem Grund bleiben die GymYou-Daten auch dann in iCloud, wenn der Nutzer die App auf seinem Ger\u00e4t l\u00f6scht.<br \/>Die von GymYou in iCloud gespeicherten Daten k\u00f6nnen \u00fcber die Systemeinstellungen des iPhones dauerhaft gel\u00f6scht werden.<\/p><h4>\u00a0<\/h4><h4>Automatisch gesammelte Informationen<\/h4><p>Die App sammelt keinerlei Informationen automatisch.<br \/>Die App sammelt auch keine genauen Informationen \u00fcber den Standort des mobilen Ger\u00e4ts des Nutzers.<\/p><h4>\u00a0<\/h4><h4>Anonyme Nutzerdaten<\/h4><p>Unter bestimmten Umst\u00e4nden kann die App anonyme Nutzerdaten an den Entwickler senden. Diese Benutzerdaten sind vollst\u00e4ndig anonymisiert und enthalten keinen Hinweis auf die Identit\u00e4t des Benutzers. Nutzerdaten werden nur dann gesammelt und \u00fcbermittelt, wenn ein schwerwiegendes Problem mit der App aufgetreten ist, z. B. wenn die App abst\u00fcrzt. Die Nutzerdaten werden ausschlie\u00dflich zu dem Zweck verwendet, eine schwerwiegende Fehlfunktion der App beheben zu k\u00f6nnen.<\/p><h4>\u00a0<\/h4><h4>Sicherheit<\/h4><p>Alle \u00fcber GymYou eingegebenen pers\u00f6nlichen Daten werden in einer pers\u00f6nlichen Datenbank mit beschr\u00e4nktem Zugang gespeichert. Die Daten k\u00f6nnen von Dritten nicht eingesehen werden, es sei denn, sie werden vom Nutzer aktiv und ausdr\u00fccklich freigegeben.<\/p><h4>\u00a0<\/h4><h4>\u00c4nderungen der Datenschutzrichtlinie<\/h4><p>Die Datenschutzrichtlinie kann jederzeit ge\u00e4ndert werden. Sie werden \u00fcber die \u00c4nderungen auf dieser Website informiert. Wenn Sie Fragen haben, k\u00f6nnen Sie uns jederzeit per E-Mail kontaktieren:<br \/>contact@gymyou.com<\/p><h4>\u00a0<\/h4><h4>Ihre Zustimmung<\/h4><p>Durch die Nutzung der App erkl\u00e4ren Sie sich mit der Verarbeitung Ihrer Daten in \u00dcbereinstimmung mit dieser Datenschutzrichtlinie in ihrer jeweils g\u00fcltigen Fassung einverstanden. Die Verwendung oder Erfassung von Informationen au\u00dferhalb Ihres Ger\u00e4ts (z. B. iCloud Sync) erfolgt auf Servern in den Vereinigten Staaten. Wenn Sie Ihren Wohnsitz au\u00dferhalb der Vereinigten Staaten haben, werden Ihre Daten \u00fcbertragen.<\/p><p>Wir behalten uns das Recht vor, unsere Richtlinien jederzeit zu \u00e4ndern.<\/p>\t\t\t\t\t\t\t\t<\/div>\n\t\t\t\t<\/div>\n\t\t\t\t<\/div>\n\t\t\t\t<\/div>\n\t\t<\/div>\n\t\t\t\t\t\t<\/div>\n\t\t\t\t<\/div>\n\t\t\t\t\t<\/div>\n\t\t\t\t<\/div>\n\t\t\t\t<\/div>","protected":false},"excerpt":{"rendered":"","protected":false},"author":1,"featured_media":3147,"parent":0,"menu_order":0,"comment_status":"closed","ping_status":"closed","template":"","meta":{"_mo_disable_npp":"","footnotes":""},"class_list":["post-2910","page","type-page","status-publish","has-post-thumbnail","hentry"],"yoast_head":"<!-- This site is optimized with the Yoast SEO plugin v27.5 - https:\/\/yoast.com\/product\/yoast-seo-wordpress\/ -->\n<title>Privacy Policy (App) - GymYou<\/title>\n<meta name=\"description\" content=\"We take data protection very seriously and believe that the data belongs to the respective user. Read more for more information.\" \/>\n<meta name=\"robots\" content=\"index, follow, max-snippet:-1, max-image-preview:large, max-video-preview:-1\" \/>\n<link rel=\"canonical\" href=\"https:\/\/gymyou.com\/de\/privacy-policy-app\/\" \/>\n<meta property=\"og:locale\" content=\"de_DE\" \/>\n<meta property=\"og:type\" content=\"article\" \/>\n<meta property=\"og:title\" content=\"Privacy Policy (App) - GymYou\" \/>\n<meta property=\"og:description\" content=\"We take data protection very seriously and believe that the data belongs to the respective user. Read more for more information.\" \/>\n<meta property=\"og:url\" content=\"https:\/\/gymyou.com\/de\/privacy-policy-app\/\" \/>\n<meta property=\"og:site_name\" content=\"GymYou \u2013 Workout Tracker App\" \/>\n<meta property=\"article:publisher\" content=\"https:\/\/www.facebook.com\/gymyouapp\" \/>\n<meta property=\"article:modified_time\" content=\"2022-10-10T14:33:41+00:00\" \/>\n<meta property=\"og:image\" content=\"https:\/\/gymyou.com\/wp-content\/uploads\/2022\/10\/GymYou-Website-Link-Preview.jpg\" \/>\n\t<meta property=\"og:image:width\" content=\"1777\" \/>\n\t<meta property=\"og:image:height\" content=\"1718\" \/>\n\t<meta property=\"og:image:type\" content=\"image\/jpeg\" \/>\n<meta name=\"twitter:card\" content=\"summary_large_image\" \/>\n<meta name=\"twitter:image\" content=\"https:\/\/gymyou.com\/wp-content\/uploads\/2022\/10\/GymYou-Website-Link-Preview.jpg\" \/>\n<meta name=\"twitter:site\" content=\"@gymyouapp\" \/>\n<meta name=\"twitter:label1\" content=\"Gesch\u00e4tzte Lesezeit\" \/>\n\t<meta name=\"twitter:data1\" content=\"1\u00a0Minute\" \/>\n<script type=\"application\/ld+json\" class=\"yoast-schema-graph\">{\"@context\":\"https:\\\/\\\/schema.org\",\"@graph\":[{\"@type\":\"WebPage\",\"@id\":\"https:\\\/\\\/gymyou.com\\\/privacy-policy-app\\\/\",\"url\":\"https:\\\/\\\/gymyou.com\\\/privacy-policy-app\\\/\",\"name\":\"Privacy Policy (App) - GymYou\",\"isPartOf\":{\"@id\":\"https:\\\/\\\/gymyou.com\\\/en\\\/#website\"},\"primaryImageOfPage\":{\"@id\":\"https:\\\/\\\/gymyou.com\\\/privacy-policy-app\\\/#primaryimage\"},\"image\":{\"@id\":\"https:\\\/\\\/gymyou.com\\\/privacy-policy-app\\\/#primaryimage\"},\"thumbnailUrl\":\"https:\\\/\\\/gymyou.com\\\/wp-content\\\/uploads\\\/2022\\\/10\\\/GymYou-Website-Link-Preview.jpg\",\"datePublished\":\"2022-10-05T17:19:46+00:00\",\"dateModified\":\"2022-10-10T14:33:41+00:00\",\"description\":\"We take data protection very seriously and believe that the data belongs to the respective user. Read more for more information.\",\"breadcrumb\":{\"@id\":\"https:\\\/\\\/gymyou.com\\\/privacy-policy-app\\\/#breadcrumb\"},\"inLanguage\":\"de\",\"potentialAction\":[{\"@type\":\"ReadAction\",\"target\":[\"https:\\\/\\\/gymyou.com\\\/privacy-policy-app\\\/\"]}]},{\"@type\":\"ImageObject\",\"inLanguage\":\"de\",\"@id\":\"https:\\\/\\\/gymyou.com\\\/privacy-policy-app\\\/#primaryimage\",\"url\":\"https:\\\/\\\/gymyou.com\\\/wp-content\\\/uploads\\\/2022\\\/10\\\/GymYou-Website-Link-Preview.jpg\",\"contentUrl\":\"https:\\\/\\\/gymyou.com\\\/wp-content\\\/uploads\\\/2022\\\/10\\\/GymYou-Website-Link-Preview.jpg\",\"width\":1777,\"height\":1718},{\"@type\":\"BreadcrumbList\",\"@id\":\"https:\\\/\\\/gymyou.com\\\/privacy-policy-app\\\/#breadcrumb\",\"itemListElement\":[{\"@type\":\"ListItem\",\"position\":1,\"name\":\"Home\",\"item\":\"https:\\\/\\\/gymyou.com\\\/\"},{\"@type\":\"ListItem\",\"position\":2,\"name\":\"Privacy Policy (App)\"}]},{\"@type\":\"WebSite\",\"@id\":\"https:\\\/\\\/gymyou.com\\\/en\\\/#website\",\"url\":\"https:\\\/\\\/gymyou.com\\\/en\\\/\",\"name\":\"GymYou \u2013 Workout Tracker App\",\"description\":\"Reach your goals at the gym.\",\"publisher\":{\"@id\":\"https:\\\/\\\/gymyou.com\\\/en\\\/#organization\"},\"potentialAction\":[{\"@type\":\"SearchAction\",\"target\":{\"@type\":\"EntryPoint\",\"urlTemplate\":\"https:\\\/\\\/gymyou.com\\\/en\\\/?s={search_term_string}\"},\"query-input\":{\"@type\":\"PropertyValueSpecification\",\"valueRequired\":true,\"valueName\":\"search_term_string\"}}],\"inLanguage\":\"de\"},{\"@type\":\"Organization\",\"@id\":\"https:\\\/\\\/gymyou.com\\\/en\\\/#organization\",\"name\":\"GymYou - Workout Tracker\",\"url\":\"https:\\\/\\\/gymyou.com\\\/en\\\/\",\"logo\":{\"@type\":\"ImageObject\",\"inLanguage\":\"de\",\"@id\":\"https:\\\/\\\/gymyou.com\\\/en\\\/#\\\/schema\\\/logo\\\/image\\\/\",\"url\":\"https:\\\/\\\/gymyou.com\\\/wp-content\\\/uploads\\\/2022\\\/05\\\/cropped-GymYou-Favicon.png\",\"contentUrl\":\"https:\\\/\\\/gymyou.com\\\/wp-content\\\/uploads\\\/2022\\\/05\\\/cropped-GymYou-Favicon.png\",\"width\":512,\"height\":512,\"caption\":\"GymYou - Workout Tracker\"},\"image\":{\"@id\":\"https:\\\/\\\/gymyou.com\\\/en\\\/#\\\/schema\\\/logo\\\/image\\\/\"},\"sameAs\":[\"https:\\\/\\\/www.facebook.com\\\/gymyouapp\",\"https:\\\/\\\/x.com\\\/gymyouapp\",\"https:\\\/\\\/www.instagram.com\\\/gymyou.app\\\/\"]}]}<\/script>\n<!-- \/ Yoast SEO plugin. -->","yoast_head_json":{"title":"Privacy Policy (App) - GymYou","description":"We take data protection very seriously and believe that the data belongs to the respective user. Read more for more information.","robots":{"index":"index","follow":"follow","max-snippet":"max-snippet:-1","max-image-preview":"max-image-preview:large","max-video-preview":"max-video-preview:-1"},"canonical":"https:\/\/gymyou.com\/de\/privacy-policy-app\/","og_locale":"de_DE","og_type":"article","og_title":"Privacy Policy (App) - GymYou","og_description":"We take data protection very seriously and believe that the data belongs to the respective user. Read more for more information.","og_url":"https:\/\/gymyou.com\/de\/privacy-policy-app\/","og_site_name":"GymYou \u2013 Workout Tracker App","article_publisher":"https:\/\/www.facebook.com\/gymyouapp","article_modified_time":"2022-10-10T14:33:41+00:00","og_image":[{"width":1777,"height":1718,"url":"https:\/\/gymyou.com\/wp-content\/uploads\/2022\/10\/GymYou-Website-Link-Preview.jpg","type":"image\/jpeg"}],"twitter_card":"summary_large_image","twitter_image":"https:\/\/gymyou.com\/wp-content\/uploads\/2022\/10\/GymYou-Website-Link-Preview.jpg","twitter_site":"@gymyouapp","twitter_misc":{"Gesch\u00e4tzte Lesezeit":"1\u00a0Minute"},"schema":{"@context":"https:\/\/schema.org","@graph":[{"@type":"WebPage","@id":"https:\/\/gymyou.com\/privacy-policy-app\/","url":"https:\/\/gymyou.com\/privacy-policy-app\/","name":"Privacy Policy (App) - GymYou","isPartOf":{"@id":"https:\/\/gymyou.com\/en\/#website"},"primaryImageOfPage":{"@id":"https:\/\/gymyou.com\/privacy-policy-app\/#primaryimage"},"image":{"@id":"https:\/\/gymyou.com\/privacy-policy-app\/#primaryimage"},"thumbnailUrl":"https:\/\/gymyou.com\/wp-content\/uploads\/2022\/10\/GymYou-Website-Link-Preview.jpg","datePublished":"2022-10-05T17:19:46+00:00","dateModified":"2022-10-10T14:33:41+00:00","description":"We take data protection very seriously and believe that the data belongs to the respective user. Read more for more information.","breadcrumb":{"@id":"https:\/\/gymyou.com\/privacy-policy-app\/#breadcrumb"},"inLanguage":"de","potentialAction":[{"@type":"ReadAction","target":["https:\/\/gymyou.com\/privacy-policy-app\/"]}]},{"@type":"ImageObject","inLanguage":"de","@id":"https:\/\/gymyou.com\/privacy-policy-app\/#primaryimage","url":"https:\/\/gymyou.com\/wp-content\/uploads\/2022\/10\/GymYou-Website-Link-Preview.jpg","contentUrl":"https:\/\/gymyou.com\/wp-content\/uploads\/2022\/10\/GymYou-Website-Link-Preview.jpg","width":1777,"height":1718},{"@type":"BreadcrumbList","@id":"https:\/\/gymyou.com\/privacy-policy-app\/#breadcrumb","itemListElement":[{"@type":"ListItem","position":1,"name":"Home","item":"https:\/\/gymyou.com\/"},{"@type":"ListItem","position":2,"name":"Privacy Policy (App)"}]},{"@type":"WebSite","@id":"https:\/\/gymyou.com\/en\/#website","url":"https:\/\/gymyou.com\/en\/","name":"GymYou \u2013 Workout Tracker App","description":"Reach your goals at the gym.","publisher":{"@id":"https:\/\/gymyou.com\/en\/#organization"},"potentialAction":[{"@type":"SearchAction","target":{"@type":"EntryPoint","urlTemplate":"https:\/\/gymyou.com\/en\/?s={search_term_string}"},"query-input":{"@type":"PropertyValueSpecification","valueRequired":true,"valueName":"search_term_string"}}],"inLanguage":"de"},{"@type":"Organization","@id":"https:\/\/gymyou.com\/en\/#organization","name":"GymYou - Workout Tracker","url":"https:\/\/gymyou.com\/en\/","logo":{"@type":"ImageObject","inLanguage":"de","@id":"https:\/\/gymyou.com\/en\/#\/schema\/logo\/image\/","url":"https:\/\/gymyou.com\/wp-content\/uploads\/2022\/05\/cropped-GymYou-Favicon.png","contentUrl":"https:\/\/gymyou.com\/wp-content\/uploads\/2022\/05\/cropped-GymYou-Favicon.png","width":512,"height":512,"caption":"GymYou - Workout Tracker"},"image":{"@id":"https:\/\/gymyou.com\/en\/#\/schema\/logo\/image\/"},"sameAs":["https:\/\/www.facebook.com\/gymyouapp","https:\/\/x.com\/gymyouapp","https:\/\/www.instagram.com\/gymyou.app\/"]}]}},"_links":{"self":[{"href":"https:\/\/gymyou.com\/de\/wp-json\/wp\/v2\/pages\/2910","targetHints":{"allow":["GET"]}}],"collection":[{"href":"https:\/\/gymyou.com\/de\/wp-json\/wp\/v2\/pages"}],"about":[{"href":"https:\/\/gymyou.com\/de\/wp-json\/wp\/v2\/types\/page"}],"author":[{"embeddable":true,"href":"https:\/\/gymyou.com\/de\/wp-json\/wp\/v2\/users\/1"}],"replies":[{"embeddable":true,"href":"https:\/\/gymyou.com\/de\/wp-json\/wp\/v2\/comments?post=2910"}],"version-history":[{"count":10,"href":"https:\/\/gymyou.com\/de\/wp-json\/wp\/v2\/pages\/2910\/revisions"}],"predecessor-version":[{"id":3136,"href":"https:\/\/gymyou.com\/de\/wp-json\/wp\/v2\/pages\/2910\/revisions\/3136"}],"wp:featuredmedia":[{"embeddable":true,"href":"https:\/\/gymyou.com\/de\/wp-json\/wp\/v2\/media\/3147"}],"wp:attachment":[{"href":"https:\/\/gymyou.com\/de\/wp-json\/wp\/v2\/media?parent=2910"}],"curies":[{"name":"wp","href":"https:\/\/api.w.org\/{rel}","templated":true}]}}