{"id":37,"date":"2022-05-16T17:32:10","date_gmt":"2022-05-16T15:32:10","guid":{"rendered":"http:\/\/gymyou.com\/?page_id=37"},"modified":"2022-10-10T16:29:32","modified_gmt":"2022-10-10T14:29:32","slug":"faq","status":"publish","type":"page","link":"https:\/\/gymyou.com\/de\/faq\/","title":{"rendered":"FAQ"},"content":{"rendered":"<div data-elementor-type=\"wp-page\" data-elementor-id=\"37\" class=\"elementor elementor-37\" data-elementor-settings=\"{&quot;ha_cmc_init_switcher&quot;:&quot;no&quot;}\" data-elementor-post-type=\"page\">\n\t\t\t\t<div class=\"elementor-element elementor-element-56e9751 e-flex e-con-boxed e-con e-parent\" data-id=\"56e9751\" data-element_type=\"container\" data-e-type=\"container\" data-settings=\"{&quot;background_background&quot;:&quot;classic&quot;,&quot;_ha_eqh_enable&quot;:false}\">\n\t\t\t\t\t<div class=\"e-con-inner\">\n\t\t<div class=\"elementor-element elementor-element-b46a1b2 e-con-full e-flex e-con e-parent\" data-id=\"b46a1b2\" data-element_type=\"container\" data-e-type=\"container\" data-settings=\"{&quot;_ha_eqh_enable&quot;:false}\">\n\t\t<div class=\"elementor-element elementor-element-10deece e-flex e-con-boxed e-con e-parent\" data-id=\"10deece\" data-element_type=\"container\" data-e-type=\"container\" data-settings=\"{&quot;_ha_eqh_enable&quot;:false}\">\n\t\t\t\t\t<div class=\"e-con-inner\">\n\t\t\t\t<div class=\"elementor-element elementor-element-ac9c3c3 elementor-widget elementor-widget-heading\" data-id=\"ac9c3c3\" data-element_type=\"widget\" data-e-type=\"widget\" data-widget_type=\"heading.default\">\n\t\t\t\t<div class=\"elementor-widget-container\">\n\t\t\t\t\t<h2 class=\"elementor-heading-title elementor-size-default\">FAQ<\/h2>\t\t\t\t<\/div>\n\t\t\t\t<\/div>\n\t\t\t\t\t<\/div>\n\t\t\t\t<\/div>\n\t\t\t\t<\/div>\n\t\t<div class=\"elementor-element elementor-element-7f8a56b e-flex e-con-boxed e-con e-parent\" data-id=\"7f8a56b\" data-element_type=\"container\" data-e-type=\"container\" data-settings=\"{&quot;_ha_eqh_enable&quot;:false}\">\n\t\t\t\t\t<div class=\"e-con-inner\">\n\t\t<div class=\"elementor-element elementor-element-a0773ab e-flex e-con-boxed e-con e-parent\" data-id=\"a0773ab\" data-element_type=\"container\" data-e-type=\"container\" data-settings=\"{&quot;background_background&quot;:&quot;classic&quot;,&quot;_ha_eqh_enable&quot;:false}\">\n\t\t\t\t\t<div class=\"e-con-inner\">\n\t\t\t\t<div class=\"elementor-element elementor-element-78a10e9 elementor-widget elementor-widget-toggle\" data-id=\"78a10e9\" data-element_type=\"widget\" data-e-type=\"widget\" data-widget_type=\"toggle.default\">\n\t\t\t\t<div class=\"elementor-widget-container\">\n\t\t\t\t\t\t\t<div class=\"elementor-toggle\">\n\t\t\t\t\t\t\t<div class=\"elementor-toggle-item\">\n\t\t\t\t\t<div id=\"elementor-tab-title-1261\" class=\"elementor-tab-title\" data-tab=\"1\" role=\"button\" aria-controls=\"elementor-tab-content-1261\" aria-expanded=\"false\">\n\t\t\t\t\t\t\t\t\t\t\t\t<span class=\"elementor-toggle-icon elementor-toggle-icon-left\" aria-hidden=\"true\">\n\t\t\t\t\t\t\t\t\t\t\t\t\t\t\t<span class=\"elementor-toggle-icon-closed\"><i class=\"fas fa-caret-right\"><\/i><\/span>\n\t\t\t\t\t\t\t\t<span class=\"elementor-toggle-icon-opened\"><i class=\"elementor-toggle-icon-opened fas fa-caret-up\"><\/i><\/span>\n\t\t\t\t\t\t\t\t\t\t\t\t\t<\/span>\n\t\t\t\t\t\t\t\t\t\t\t\t<a class=\"elementor-toggle-title\" tabindex=\"0\">Was passiert mit meinen GymYou Daten, wenn ich mein iPhone verliere?<\/a>\n\t\t\t\t\t<\/div>\n\n\t\t\t\t\t<div id=\"elementor-tab-content-1261\" class=\"elementor-tab-content elementor-clearfix\" data-tab=\"1\" role=\"region\" aria-labelledby=\"elementor-tab-title-1261\"><p>GymYou verwendet standardm\u00e4\u00dfig iCloud. Wenn du iCloud nicht in deinen iPhone-Einstellungen deaktiviert hast, speichert GymYou eine Kopie deiner Daten in deiner pers\u00f6nlichen iCloud. Wenn du GymYou auf einem neuen Ger\u00e4t installierst, das mit deinem iCloud-Konto verbunden ist, stellt GymYou automatisch den aktuellen Datensatz wieder her.<\/p><\/div>\n\t\t\t\t<\/div>\n\t\t\t\t\t\t\t\t<\/div>\n\t\t\t\t\t\t<\/div>\n\t\t\t\t<\/div>\n\t\t\t\t\t<\/div>\n\t\t\t\t<\/div>\n\t\t<div class=\"elementor-element elementor-element-03d8bd5 e-flex e-con-boxed e-con e-parent\" data-id=\"03d8bd5\" data-element_type=\"container\" data-e-type=\"container\" data-settings=\"{&quot;background_background&quot;:&quot;classic&quot;,&quot;_ha_eqh_enable&quot;:false}\">\n\t\t\t\t\t<div class=\"e-con-inner\">\n\t\t\t\t<div class=\"elementor-element elementor-element-38c58d5 elementor-widget elementor-widget-toggle\" data-id=\"38c58d5\" data-element_type=\"widget\" data-e-type=\"widget\" data-widget_type=\"toggle.default\">\n\t\t\t\t<div class=\"elementor-widget-container\">\n\t\t\t\t\t\t\t<div class=\"elementor-toggle\">\n\t\t\t\t\t\t\t<div class=\"elementor-toggle-item\">\n\t\t\t\t\t<div id=\"elementor-tab-title-5951\" class=\"elementor-tab-title\" data-tab=\"1\" role=\"button\" aria-controls=\"elementor-tab-content-5951\" aria-expanded=\"false\">\n\t\t\t\t\t\t\t\t\t\t\t\t<span class=\"elementor-toggle-icon elementor-toggle-icon-left\" aria-hidden=\"true\">\n\t\t\t\t\t\t\t\t\t\t\t\t\t\t\t<span class=\"elementor-toggle-icon-closed\"><i class=\"fas fa-caret-right\"><\/i><\/span>\n\t\t\t\t\t\t\t\t<span class=\"elementor-toggle-icon-opened\"><i class=\"elementor-toggle-icon-opened fas fa-caret-up\"><\/i><\/span>\n\t\t\t\t\t\t\t\t\t\t\t\t\t<\/span>\n\t\t\t\t\t\t\t\t\t\t\t\t<a class=\"elementor-toggle-title\" tabindex=\"0\">Wird es in Zukunft auch eine Android-Version von GymYou geben?<\/a>\n\t\t\t\t\t<\/div>\n\n\t\t\t\t\t<div id=\"elementor-tab-content-5951\" class=\"elementor-tab-content elementor-clearfix\" data-tab=\"1\" role=\"region\" aria-labelledby=\"elementor-tab-title-5951\"><p>Die Idee einer Android-Version haben wir im Hinterkopf, aber die Umsetzung erfordert viele Ressourcen. Im Moment konzentrieren wir uns darauf, GymYou zur besten Fitnessstudio-App f\u00fcr alle Apple-Ger\u00e4te zu machen. Wir k\u00f6nnen im Moment nicht versprechen, ob es irgendwann eine Android-Version geben wird, aber das wird die Zeit zeigen.<\/p><\/div>\n\t\t\t\t<\/div>\n\t\t\t\t\t\t\t\t<\/div>\n\t\t\t\t\t\t<\/div>\n\t\t\t\t<\/div>\n\t\t\t\t\t<\/div>\n\t\t\t\t<\/div>\n\t\t<div class=\"elementor-element elementor-element-0f4b63b e-flex e-con-boxed e-con e-parent\" data-id=\"0f4b63b\" data-element_type=\"container\" data-e-type=\"container\" data-settings=\"{&quot;background_background&quot;:&quot;classic&quot;,&quot;_ha_eqh_enable&quot;:false}\">\n\t\t\t\t\t<div class=\"e-con-inner\">\n\t\t\t\t<div class=\"elementor-element elementor-element-b0bdd8a elementor-widget elementor-widget-toggle\" data-id=\"b0bdd8a\" data-element_type=\"widget\" data-e-type=\"widget\" data-widget_type=\"toggle.default\">\n\t\t\t\t<div class=\"elementor-widget-container\">\n\t\t\t\t\t\t\t<div class=\"elementor-toggle\">\n\t\t\t\t\t\t\t<div class=\"elementor-toggle-item\">\n\t\t\t\t\t<div id=\"elementor-tab-title-1851\" class=\"elementor-tab-title\" data-tab=\"1\" role=\"button\" aria-controls=\"elementor-tab-content-1851\" aria-expanded=\"false\">\n\t\t\t\t\t\t\t\t\t\t\t\t<span class=\"elementor-toggle-icon elementor-toggle-icon-left\" aria-hidden=\"true\">\n\t\t\t\t\t\t\t\t\t\t\t\t\t\t\t<span class=\"elementor-toggle-icon-closed\"><i class=\"fas fa-caret-right\"><\/i><\/span>\n\t\t\t\t\t\t\t\t<span class=\"elementor-toggle-icon-opened\"><i class=\"elementor-toggle-icon-opened fas fa-caret-up\"><\/i><\/span>\n\t\t\t\t\t\t\t\t\t\t\t\t\t<\/span>\n\t\t\t\t\t\t\t\t\t\t\t\t<a class=\"elementor-toggle-title\" tabindex=\"0\">Ich habe GymYou Pro abonniert. Kann ich das Abo auch auf einem neuen Ger\u00e4t oder auf mehreren Ger\u00e4ten verwenden?<\/a>\n\t\t\t\t\t<\/div>\n\n\t\t\t\t\t<div id=\"elementor-tab-content-1851\" class=\"elementor-tab-content elementor-clearfix\" data-tab=\"1\" role=\"region\" aria-labelledby=\"elementor-tab-title-1851\"><p>Ja. Das Abo ist an deine Apple-ID gebunden und kann mit allen Ger\u00e4ten verwendet werden, welche \u00fcber die gleiche Apple-ID angemeldet sind.<\/p><\/div>\n\t\t\t\t<\/div>\n\t\t\t\t\t\t\t\t<\/div>\n\t\t\t\t\t\t<\/div>\n\t\t\t\t<\/div>\n\t\t\t\t\t<\/div>\n\t\t\t\t<\/div>\n\t\t<div class=\"elementor-element elementor-element-9c913a3 e-flex e-con-boxed e-con e-parent\" data-id=\"9c913a3\" data-element_type=\"container\" data-e-type=\"container\" data-settings=\"{&quot;background_background&quot;:&quot;classic&quot;,&quot;_ha_eqh_enable&quot;:false}\">\n\t\t\t\t\t<div class=\"e-con-inner\">\n\t\t\t\t<div class=\"elementor-element elementor-element-f07b54c elementor-widget elementor-widget-toggle\" data-id=\"f07b54c\" data-element_type=\"widget\" data-e-type=\"widget\" data-widget_type=\"toggle.default\">\n\t\t\t\t<div class=\"elementor-widget-container\">\n\t\t\t\t\t\t\t<div class=\"elementor-toggle\">\n\t\t\t\t\t\t\t<div class=\"elementor-toggle-item\">\n\t\t\t\t\t<div id=\"elementor-tab-title-2521\" class=\"elementor-tab-title\" data-tab=\"1\" role=\"button\" aria-controls=\"elementor-tab-content-2521\" aria-expanded=\"false\">\n\t\t\t\t\t\t\t\t\t\t\t\t<span class=\"elementor-toggle-icon elementor-toggle-icon-left\" aria-hidden=\"true\">\n\t\t\t\t\t\t\t\t\t\t\t\t\t\t\t<span class=\"elementor-toggle-icon-closed\"><i class=\"fas fa-caret-right\"><\/i><\/span>\n\t\t\t\t\t\t\t\t<span class=\"elementor-toggle-icon-opened\"><i class=\"elementor-toggle-icon-opened fas fa-caret-up\"><\/i><\/span>\n\t\t\t\t\t\t\t\t\t\t\t\t\t<\/span>\n\t\t\t\t\t\t\t\t\t\t\t\t<a class=\"elementor-toggle-title\" tabindex=\"0\">Ich nutze GymYou auf einem neuen Ger\u00e4t. Wie kann ich meine K\u00e4ufe wiederherstellen?<\/a>\n\t\t\t\t\t<\/div>\n\n\t\t\t\t\t<div id=\"elementor-tab-content-2521\" class=\"elementor-tab-content elementor-clearfix\" data-tab=\"1\" role=\"region\" aria-labelledby=\"elementor-tab-title-2521\"><p>Wenn dir die Kauf-Optionen angezeigt werden, gibt es oben links einen Button mit der Aufschrift 'Wiederherstellen'. Wenn du ihn bet\u00e4tigst, \u00fcberpr\u00fcft GymYou ob K\u00e4ufe \u00fcber deine Apple-ID get\u00e4tigt wurden und stellt diese wieder her. Alternativ findest du auch in den Einstellungen den Butten 'K\u00e4ufe Wiederherstellen' mit der gleichen Funktion.<\/p><p>F\u00fcr mehr details kannst du auch folgenden Support-Artikel lesen: <a href=\"https:\/\/gymyou.com\/de\/\">Deine K\u00e4ufe auf einem neuen Ger\u00e4t wiederherstellen<\/a>.<\/p><\/div>\n\t\t\t\t<\/div>\n\t\t\t\t\t\t\t\t<\/div>\n\t\t\t\t\t\t<\/div>\n\t\t\t\t<\/div>\n\t\t\t\t\t<\/div>\n\t\t\t\t<\/div>\n\t\t<div class=\"elementor-element elementor-element-5e76f94 e-flex e-con-boxed e-con e-parent\" data-id=\"5e76f94\" data-element_type=\"container\" data-e-type=\"container\" data-settings=\"{&quot;background_background&quot;:&quot;classic&quot;,&quot;_ha_eqh_enable&quot;:false}\">\n\t\t\t\t\t<div class=\"e-con-inner\">\n\t\t\t\t<div class=\"elementor-element elementor-element-45918e2 elementor-widget elementor-widget-toggle\" data-id=\"45918e2\" data-element_type=\"widget\" data-e-type=\"widget\" data-widget_type=\"toggle.default\">\n\t\t\t\t<div class=\"elementor-widget-container\">\n\t\t\t\t\t\t\t<div class=\"elementor-toggle\">\n\t\t\t\t\t\t\t<div class=\"elementor-toggle-item\">\n\t\t\t\t\t<div id=\"elementor-tab-title-7291\" class=\"elementor-tab-title\" data-tab=\"1\" role=\"button\" aria-controls=\"elementor-tab-content-7291\" aria-expanded=\"false\">\n\t\t\t\t\t\t\t\t\t\t\t\t<span class=\"elementor-toggle-icon elementor-toggle-icon-left\" aria-hidden=\"true\">\n\t\t\t\t\t\t\t\t\t\t\t\t\t\t\t<span class=\"elementor-toggle-icon-closed\"><i class=\"fas fa-caret-right\"><\/i><\/span>\n\t\t\t\t\t\t\t\t<span class=\"elementor-toggle-icon-opened\"><i class=\"elementor-toggle-icon-opened fas fa-caret-up\"><\/i><\/span>\n\t\t\t\t\t\t\t\t\t\t\t\t\t<\/span>\n\t\t\t\t\t\t\t\t\t\t\t\t<a class=\"elementor-toggle-title\" tabindex=\"0\">Ich m\u00f6chte meine Abo k\u00fcndigen. Bis wann muss ich die Verl\u00e4ngerung des Abos sp\u00e4testens deaktiviert bzw. gek\u00fcndigt haben?<\/a>\n\t\t\t\t\t<\/div>\n\n\t\t\t\t\t<div id=\"elementor-tab-content-7291\" class=\"elementor-tab-content elementor-clearfix\" data-tab=\"1\" role=\"region\" aria-labelledby=\"elementor-tab-title-7291\"><p>Das Abo l\u00e4uft direkt \u00fcber Apple. Obwohl die Server von Apple relativ schnell sind, kann es manchmal eine Weile dauern, bis eine \u00c4nderung an deinem Abonnement \u00fcberall korrekt erfasst wird. Apple empfiehlt, dass du dein Abonnement mindestens 24 Stunden vor der Verl\u00e4ngerung des Abrechnungszeitraums k\u00fcndigst.<\/p><p>F\u00fcr weitere Informationen kannst du auch diesen Support-Artikel lesen: <a href=\"https:\/\/gymyou.com\/de\/support\/cancel-the-gymyou-pro-subscription\/\" data-wplink-edit=\"true\">Dein GymYou Pro Abo k\u00fcndigen<\/a>.<\/p><p>\u00a0<\/p><\/div>\n\t\t\t\t<\/div>\n\t\t\t\t\t\t\t\t<\/div>\n\t\t\t\t\t\t<\/div>\n\t\t\t\t<\/div>\n\t\t\t\t\t<\/div>\n\t\t\t\t<\/div>\n\t\t<div class=\"elementor-element elementor-element-db3d4c0 e-flex e-con-boxed e-con e-parent\" data-id=\"db3d4c0\" data-element_type=\"container\" data-e-type=\"container\" data-settings=\"{&quot;background_background&quot;:&quot;classic&quot;,&quot;_ha_eqh_enable&quot;:false}\">\n\t\t\t\t\t<div class=\"e-con-inner\">\n\t\t\t\t<div class=\"elementor-element elementor-element-2d91f0e elementor-widget elementor-widget-toggle\" data-id=\"2d91f0e\" data-element_type=\"widget\" data-e-type=\"widget\" data-widget_type=\"toggle.default\">\n\t\t\t\t<div class=\"elementor-widget-container\">\n\t\t\t\t\t\t\t<div class=\"elementor-toggle\">\n\t\t\t\t\t\t\t<div class=\"elementor-toggle-item\">\n\t\t\t\t\t<div id=\"elementor-tab-title-4771\" class=\"elementor-tab-title\" data-tab=\"1\" role=\"button\" aria-controls=\"elementor-tab-content-4771\" aria-expanded=\"false\">\n\t\t\t\t\t\t\t\t\t\t\t\t<span class=\"elementor-toggle-icon elementor-toggle-icon-left\" aria-hidden=\"true\">\n\t\t\t\t\t\t\t\t\t\t\t\t\t\t\t<span class=\"elementor-toggle-icon-closed\"><i class=\"fas fa-caret-right\"><\/i><\/span>\n\t\t\t\t\t\t\t\t<span class=\"elementor-toggle-icon-opened\"><i class=\"elementor-toggle-icon-opened fas fa-caret-up\"><\/i><\/span>\n\t\t\t\t\t\t\t\t\t\t\t\t\t<\/span>\n\t\t\t\t\t\t\t\t\t\t\t\t<a class=\"elementor-toggle-title\" tabindex=\"0\">Ich habe mein GymYou Pro Abo gek\u00fcndigt. Was passiert jetzt mit meinen Daten die ich w\u00e4hrend der Laufzeit des Abos mit GymYou erstellt habe?<\/a>\n\t\t\t\t\t<\/div>\n\n\t\t\t\t\t<div id=\"elementor-tab-content-4771\" class=\"elementor-tab-content elementor-clearfix\" data-tab=\"1\" role=\"region\" aria-labelledby=\"elementor-tab-title-4771\"><p>Deine Daten bleiben immer vollst\u00e4ndig erhalten. Mit GymYou Pro hast du Zugriff auf zus\u00e4tzliche Funktionen, wie das Erstellen von Notizen oder die Anzeige erweiterter Statistiken. Wenn du dich entscheidest, GymYou Pro zu k\u00fcndigen, kannst du z. B. die erweiterten Statistiken nicht mehr sehen, aber deine Daten bleiben erhalten. Du kannst deine Notizen weiterhin lesen, aber du kannst keine neuen Notizen erstellen usw.<\/p><\/div>\n\t\t\t\t<\/div>\n\t\t\t\t\t\t\t\t<\/div>\n\t\t\t\t\t\t<\/div>\n\t\t\t\t<\/div>\n\t\t\t\t\t<\/div>\n\t\t\t\t<\/div>\n\t\t\t\t\t<\/div>\n\t\t\t\t<\/div>\n\t\t\t\t\t<\/div>\n\t\t\t\t<\/div>\n\t\t\t\t<\/div>","protected":false},"excerpt":{"rendered":"<p>FAQ What happens to my GymYou data if I lose my phone? GymYou uses iCloud by default. If you have not disabled iCloud in your iPhone settings, GymYou stores a copy of your data in your personal iCloud. When you install GymYou on a new device connected to your iCloud account, GymYou automatically restores the [&hellip;]<\/p>\n","protected":false},"author":1,"featured_media":3147,"parent":0,"menu_order":0,"comment_status":"closed","ping_status":"closed","template":"","meta":{"_mo_disable_npp":"","footnotes":""},"class_list":["post-37","page","type-page","status-publish","has-post-thumbnail","hentry"],"yoast_head":"<!-- This site is optimized with the Yoast SEO plugin v27.4 - https:\/\/yoast.com\/product\/yoast-seo-wordpress\/ -->\n<title>FAQ - GymYou<\/title>\n<meta name=\"description\" content=\"We&#039;ve answered many of the questions we get asked most frequently. If the answer you are looking for is not there, feel free to contact us.\" \/>\n<meta name=\"robots\" content=\"index, follow, max-snippet:-1, max-image-preview:large, max-video-preview:-1\" \/>\n<link rel=\"canonical\" href=\"https:\/\/gymyou.com\/de\/faq\/\" \/>\n<meta property=\"og:locale\" content=\"de_DE\" \/>\n<meta property=\"og:type\" content=\"article\" \/>\n<meta property=\"og:title\" content=\"FAQ - GymYou\" \/>\n<meta property=\"og:description\" content=\"We&#039;ve answered many of the questions we get asked most frequently. If the answer you are looking for is not there, feel free to contact us.\" \/>\n<meta property=\"og:url\" content=\"https:\/\/gymyou.com\/de\/faq\/\" \/>\n<meta property=\"og:site_name\" content=\"GymYou \u2013 Workout Tracker App\" \/>\n<meta property=\"article:publisher\" content=\"https:\/\/www.facebook.com\/gymyouapp\" \/>\n<meta property=\"article:modified_time\" content=\"2022-10-10T14:29:32+00:00\" \/>\n<meta property=\"og:image\" content=\"https:\/\/gymyou.com\/wp-content\/uploads\/2022\/10\/GymYou-Website-Link-Preview.jpg\" \/>\n\t<meta property=\"og:image:width\" content=\"1777\" \/>\n\t<meta property=\"og:image:height\" content=\"1718\" \/>\n\t<meta property=\"og:image:type\" content=\"image\/jpeg\" \/>\n<meta name=\"twitter:card\" content=\"summary_large_image\" \/>\n<meta name=\"twitter:image\" content=\"https:\/\/gymyou.com\/wp-content\/uploads\/2022\/10\/GymYou-Website-Link-Preview.jpg\" \/>\n<meta name=\"twitter:site\" content=\"@gymyouapp\" \/>\n<meta name=\"twitter:label1\" content=\"Gesch\u00e4tzte Lesezeit\" \/>\n\t<meta name=\"twitter:data1\" content=\"2\u00a0Minuten\" \/>\n<script type=\"application\/ld+json\" class=\"yoast-schema-graph\">{\"@context\":\"https:\\\/\\\/schema.org\",\"@graph\":[{\"@type\":\"WebPage\",\"@id\":\"https:\\\/\\\/gymyou.com\\\/faq\\\/\",\"url\":\"https:\\\/\\\/gymyou.com\\\/faq\\\/\",\"name\":\"FAQ - GymYou\",\"isPartOf\":{\"@id\":\"https:\\\/\\\/gymyou.com\\\/en\\\/#website\"},\"primaryImageOfPage\":{\"@id\":\"https:\\\/\\\/gymyou.com\\\/faq\\\/#primaryimage\"},\"image\":{\"@id\":\"https:\\\/\\\/gymyou.com\\\/faq\\\/#primaryimage\"},\"thumbnailUrl\":\"https:\\\/\\\/gymyou.com\\\/wp-content\\\/uploads\\\/2022\\\/10\\\/GymYou-Website-Link-Preview.jpg\",\"datePublished\":\"2022-05-16T15:32:10+00:00\",\"dateModified\":\"2022-10-10T14:29:32+00:00\",\"description\":\"We've answered many of the questions we get asked most frequently. If the answer you are looking for is not there, feel free to contact us.\",\"breadcrumb\":{\"@id\":\"https:\\\/\\\/gymyou.com\\\/faq\\\/#breadcrumb\"},\"inLanguage\":\"de\",\"potentialAction\":[{\"@type\":\"ReadAction\",\"target\":[\"https:\\\/\\\/gymyou.com\\\/faq\\\/\"]}]},{\"@type\":\"ImageObject\",\"inLanguage\":\"de\",\"@id\":\"https:\\\/\\\/gymyou.com\\\/faq\\\/#primaryimage\",\"url\":\"https:\\\/\\\/gymyou.com\\\/wp-content\\\/uploads\\\/2022\\\/10\\\/GymYou-Website-Link-Preview.jpg\",\"contentUrl\":\"https:\\\/\\\/gymyou.com\\\/wp-content\\\/uploads\\\/2022\\\/10\\\/GymYou-Website-Link-Preview.jpg\",\"width\":1777,\"height\":1718},{\"@type\":\"BreadcrumbList\",\"@id\":\"https:\\\/\\\/gymyou.com\\\/faq\\\/#breadcrumb\",\"itemListElement\":[{\"@type\":\"ListItem\",\"position\":1,\"name\":\"Home\",\"item\":\"https:\\\/\\\/gymyou.com\\\/\"},{\"@type\":\"ListItem\",\"position\":2,\"name\":\"FAQ\"}]},{\"@type\":\"WebSite\",\"@id\":\"https:\\\/\\\/gymyou.com\\\/en\\\/#website\",\"url\":\"https:\\\/\\\/gymyou.com\\\/en\\\/\",\"name\":\"GymYou \u2013 Workout Tracker App\",\"description\":\"Reach your goals at the gym.\",\"publisher\":{\"@id\":\"https:\\\/\\\/gymyou.com\\\/en\\\/#organization\"},\"potentialAction\":[{\"@type\":\"SearchAction\",\"target\":{\"@type\":\"EntryPoint\",\"urlTemplate\":\"https:\\\/\\\/gymyou.com\\\/en\\\/?s={search_term_string}\"},\"query-input\":{\"@type\":\"PropertyValueSpecification\",\"valueRequired\":true,\"valueName\":\"search_term_string\"}}],\"inLanguage\":\"de\"},{\"@type\":\"Organization\",\"@id\":\"https:\\\/\\\/gymyou.com\\\/en\\\/#organization\",\"name\":\"GymYou - Workout Tracker\",\"url\":\"https:\\\/\\\/gymyou.com\\\/en\\\/\",\"logo\":{\"@type\":\"ImageObject\",\"inLanguage\":\"de\",\"@id\":\"https:\\\/\\\/gymyou.com\\\/en\\\/#\\\/schema\\\/logo\\\/image\\\/\",\"url\":\"https:\\\/\\\/gymyou.com\\\/wp-content\\\/uploads\\\/2022\\\/05\\\/cropped-GymYou-Favicon.png\",\"contentUrl\":\"https:\\\/\\\/gymyou.com\\\/wp-content\\\/uploads\\\/2022\\\/05\\\/cropped-GymYou-Favicon.png\",\"width\":512,\"height\":512,\"caption\":\"GymYou - Workout Tracker\"},\"image\":{\"@id\":\"https:\\\/\\\/gymyou.com\\\/en\\\/#\\\/schema\\\/logo\\\/image\\\/\"},\"sameAs\":[\"https:\\\/\\\/www.facebook.com\\\/gymyouapp\",\"https:\\\/\\\/x.com\\\/gymyouapp\",\"https:\\\/\\\/www.instagram.com\\\/gymyou.app\\\/\"]}]}<\/script>\n<!-- \/ Yoast SEO plugin. -->","yoast_head_json":{"title":"FAQ - GymYou","description":"We've answered many of the questions we get asked most frequently. If the answer you are looking for is not there, feel free to contact us.","robots":{"index":"index","follow":"follow","max-snippet":"max-snippet:-1","max-image-preview":"max-image-preview:large","max-video-preview":"max-video-preview:-1"},"canonical":"https:\/\/gymyou.com\/de\/faq\/","og_locale":"de_DE","og_type":"article","og_title":"FAQ - GymYou","og_description":"We've answered many of the questions we get asked most frequently. If the answer you are looking for is not there, feel free to contact us.","og_url":"https:\/\/gymyou.com\/de\/faq\/","og_site_name":"GymYou \u2013 Workout Tracker App","article_publisher":"https:\/\/www.facebook.com\/gymyouapp","article_modified_time":"2022-10-10T14:29:32+00:00","og_image":[{"width":1777,"height":1718,"url":"https:\/\/gymyou.com\/wp-content\/uploads\/2022\/10\/GymYou-Website-Link-Preview.jpg","type":"image\/jpeg"}],"twitter_card":"summary_large_image","twitter_image":"https:\/\/gymyou.com\/wp-content\/uploads\/2022\/10\/GymYou-Website-Link-Preview.jpg","twitter_site":"@gymyouapp","twitter_misc":{"Gesch\u00e4tzte Lesezeit":"2\u00a0Minuten"},"schema":{"@context":"https:\/\/schema.org","@graph":[{"@type":"WebPage","@id":"https:\/\/gymyou.com\/faq\/","url":"https:\/\/gymyou.com\/faq\/","name":"FAQ - GymYou","isPartOf":{"@id":"https:\/\/gymyou.com\/en\/#website"},"primaryImageOfPage":{"@id":"https:\/\/gymyou.com\/faq\/#primaryimage"},"image":{"@id":"https:\/\/gymyou.com\/faq\/#primaryimage"},"thumbnailUrl":"https:\/\/gymyou.com\/wp-content\/uploads\/2022\/10\/GymYou-Website-Link-Preview.jpg","datePublished":"2022-05-16T15:32:10+00:00","dateModified":"2022-10-10T14:29:32+00:00","description":"We've answered many of the questions we get asked most frequently. If the answer you are looking for is not there, feel free to contact us.","breadcrumb":{"@id":"https:\/\/gymyou.com\/faq\/#breadcrumb"},"inLanguage":"de","potentialAction":[{"@type":"ReadAction","target":["https:\/\/gymyou.com\/faq\/"]}]},{"@type":"ImageObject","inLanguage":"de","@id":"https:\/\/gymyou.com\/faq\/#primaryimage","url":"https:\/\/gymyou.com\/wp-content\/uploads\/2022\/10\/GymYou-Website-Link-Preview.jpg","contentUrl":"https:\/\/gymyou.com\/wp-content\/uploads\/2022\/10\/GymYou-Website-Link-Preview.jpg","width":1777,"height":1718},{"@type":"BreadcrumbList","@id":"https:\/\/gymyou.com\/faq\/#breadcrumb","itemListElement":[{"@type":"ListItem","position":1,"name":"Home","item":"https:\/\/gymyou.com\/"},{"@type":"ListItem","position":2,"name":"FAQ"}]},{"@type":"WebSite","@id":"https:\/\/gymyou.com\/en\/#website","url":"https:\/\/gymyou.com\/en\/","name":"GymYou \u2013 Workout Tracker App","description":"Reach your goals at the gym.","publisher":{"@id":"https:\/\/gymyou.com\/en\/#organization"},"potentialAction":[{"@type":"SearchAction","target":{"@type":"EntryPoint","urlTemplate":"https:\/\/gymyou.com\/en\/?s={search_term_string}"},"query-input":{"@type":"PropertyValueSpecification","valueRequired":true,"valueName":"search_term_string"}}],"inLanguage":"de"},{"@type":"Organization","@id":"https:\/\/gymyou.com\/en\/#organization","name":"GymYou - Workout Tracker","url":"https:\/\/gymyou.com\/en\/","logo":{"@type":"ImageObject","inLanguage":"de","@id":"https:\/\/gymyou.com\/en\/#\/schema\/logo\/image\/","url":"https:\/\/gymyou.com\/wp-content\/uploads\/2022\/05\/cropped-GymYou-Favicon.png","contentUrl":"https:\/\/gymyou.com\/wp-content\/uploads\/2022\/05\/cropped-GymYou-Favicon.png","width":512,"height":512,"caption":"GymYou - Workout Tracker"},"image":{"@id":"https:\/\/gymyou.com\/en\/#\/schema\/logo\/image\/"},"sameAs":["https:\/\/www.facebook.com\/gymyouapp","https:\/\/x.com\/gymyouapp","https:\/\/www.instagram.com\/gymyou.app\/"]}]}},"_links":{"self":[{"href":"https:\/\/gymyou.com\/de\/wp-json\/wp\/v2\/pages\/37","targetHints":{"allow":["GET"]}}],"collection":[{"href":"https:\/\/gymyou.com\/de\/wp-json\/wp\/v2\/pages"}],"about":[{"href":"https:\/\/gymyou.com\/de\/wp-json\/wp\/v2\/types\/page"}],"author":[{"embeddable":true,"href":"https:\/\/gymyou.com\/de\/wp-json\/wp\/v2\/users\/1"}],"replies":[{"embeddable":true,"href":"https:\/\/gymyou.com\/de\/wp-json\/wp\/v2\/comments?post=37"}],"version-history":[{"count":10,"href":"https:\/\/gymyou.com\/de\/wp-json\/wp\/v2\/pages\/37\/revisions"}],"predecessor-version":[{"id":3152,"href":"https:\/\/gymyou.com\/de\/wp-json\/wp\/v2\/pages\/37\/revisions\/3152"}],"wp:featuredmedia":[{"embeddable":true,"href":"https:\/\/gymyou.com\/de\/wp-json\/wp\/v2\/media\/3147"}],"wp:attachment":[{"href":"https:\/\/gymyou.com\/de\/wp-json\/wp\/v2\/media?parent=37"}],"curies":[{"name":"wp","href":"https:\/\/api.w.org\/{rel}","templated":true}]}}