{"id":713,"date":"2022-08-21T01:18:29","date_gmt":"2022-08-20T23:18:29","guid":{"rendered":"https:\/\/gymyou.com\/?page_id=713"},"modified":"2022-10-20T13:08:20","modified_gmt":"2022-10-20T11:08:20","slug":"terms-and-conditions","status":"publish","type":"page","link":"https:\/\/gymyou.com\/de\/terms-and-conditions\/","title":{"rendered":"Allgemeine Gesch\u00e4ftsbedingungen (AGB)"},"content":{"rendered":"<div data-elementor-type=\"wp-page\" data-elementor-id=\"713\" class=\"elementor elementor-713\" data-elementor-settings=\"{&quot;ha_cmc_init_switcher&quot;:&quot;no&quot;}\" data-elementor-post-type=\"page\">\n\t\t\t\t<div class=\"elementor-element elementor-element-4de454e e-flex e-con-boxed e-con e-parent\" data-id=\"4de454e\" data-element_type=\"container\" data-e-type=\"container\" data-settings=\"{&quot;_ha_eqh_enable&quot;:false}\">\n\t\t\t\t\t<div class=\"e-con-inner\">\n\t\t\t\t<div class=\"elementor-element elementor-element-de7d12e elementor-widget elementor-widget-template\" data-id=\"de7d12e\" data-element_type=\"widget\" data-e-type=\"widget\" data-widget_type=\"template.default\">\n\t\t\t\t<div class=\"elementor-widget-container\">\n\t\t\t\t\t\t\t<div class=\"elementor-template\">\n\t\t\t\t\t<div data-elementor-type=\"container\" data-elementor-id=\"164\" class=\"elementor elementor-164\" data-elementor-settings=\"{&quot;ha_cmc_init_switcher&quot;:&quot;no&quot;}\" data-elementor-post-type=\"elementor_library\">\n\t\t\t\t<div class=\"elementor-element elementor-element-1d7476ae e-flex e-con-boxed e-con e-parent\" data-id=\"1d7476ae\" data-element_type=\"container\" data-e-type=\"container\" data-settings=\"{&quot;_ha_eqh_enable&quot;:false}\">\n\t\t\t\t\t<div class=\"e-con-inner\">\n\t\t<div class=\"elementor-element elementor-element-2a5413e2 e-flex e-con-boxed e-con e-parent\" data-id=\"2a5413e2\" data-element_type=\"container\" data-e-type=\"container\" data-settings=\"{&quot;_ha_eqh_enable&quot;:false}\">\n\t\t\t\t\t<div class=\"e-con-inner\">\n\t\t\t\t<div class=\"elementor-element elementor-element-2f906975 elementor-widget elementor-widget-spacer\" data-id=\"2f906975\" data-element_type=\"widget\" data-e-type=\"widget\" data-widget_type=\"spacer.default\">\n\t\t\t\t<div class=\"elementor-widget-container\">\n\t\t\t\t\t\t\t<div class=\"elementor-spacer\">\n\t\t\t<div class=\"elementor-spacer-inner\"><\/div>\n\t\t<\/div>\n\t\t\t\t\t\t<\/div>\n\t\t\t\t<\/div>\n\t\t\t\t<div class=\"elementor-element elementor-element-6415e27e elementor-widget elementor-widget-heading\" data-id=\"6415e27e\" data-element_type=\"widget\" data-e-type=\"widget\" data-widget_type=\"heading.default\">\n\t\t\t\t<div class=\"elementor-widget-container\">\n\t\t\t\t\t<h2 class=\"elementor-heading-title elementor-size-default\">Allgemeine Gesch\u00e4ftsbedingungen (AGB)<\/h2>\t\t\t\t<\/div>\n\t\t\t\t<\/div>\n\t\t\t\t<div class=\"elementor-element elementor-element-652125d0 elementor-widget elementor-widget-spacer\" data-id=\"652125d0\" data-element_type=\"widget\" data-e-type=\"widget\" data-widget_type=\"spacer.default\">\n\t\t\t\t<div class=\"elementor-widget-container\">\n\t\t\t\t\t\t\t<div class=\"elementor-spacer\">\n\t\t\t<div class=\"elementor-spacer-inner\"><\/div>\n\t\t<\/div>\n\t\t\t\t\t\t<\/div>\n\t\t\t\t<\/div>\n\t\t\t\t\t<\/div>\n\t\t\t\t<\/div>\n\t\t\t\t\t<\/div>\n\t\t\t\t<\/div>\n\t\t\t\t<\/div>\n\t\t\t\t<\/div>\n\t\t\t\t\t\t<\/div>\n\t\t\t\t<\/div>\n\t\t\t\t<div class=\"elementor-element elementor-element-d464e02 elementor-widget elementor-widget-text-editor\" data-id=\"d464e02\" data-element_type=\"widget\" data-e-type=\"widget\" data-widget_type=\"text-editor.default\">\n\t\t\t\t<div class=\"elementor-widget-container\">\n\t\t\t\t\t\t\t\t\t<p>Willkommen bei GymYou!<\/p><p>Diese Nutzungsbedingungen umfassen die Regeln und Vorschriften f\u00fcr die Nutzung von GymYou.\u00a0Durch die Nutzung der GymYou-App akzeptieren Sie diese Bedingungen. Nutzen Sie GymYou nicht weiter, wenn Sie nicht mit allen auf dieser Seite genannten Bedingungen einverstanden sind.<\/p><p>\u00a0<\/p><h3>Grundlegendes<\/h3><p>Lassen Sie sich immer von einem Experten beraten, bevor Sie ein neues Training oder eine neue \u00dcbung beginnen (Arzt, Fitnesstrainer usw.).<\/p><p>Das Training kann zu Verletzungen oder anderen medizinischen Problemen f\u00fchren.\u00a0Wenn Sie sich unwohl f\u00fchlen oder Schmerzen versp\u00fcren, beenden Sie das Training und suchen Sie einen Arzt auf. GymYou haftet nicht f\u00fcr Sch\u00e4den im Zusammenhang mit der Nutzung und dem Inhalt der App. Sie erkennen an und stimmen zu, dass die Nutzung der GymYou App auf Ihr eigenes Risiko erfolgt.<\/p><p>\u00a0<\/p><h3>Lizenz<\/h3><p>Sofern nicht anders angegeben, sind GymYou und\/oder seine Lizenzgeber Inhaber der geistigen Eigentumsrechte f\u00fcr das gesamte Material von GymYou, sowohl in der App als auch auf der Website. Alle geistigen Eigentumsrechte sind vorbehalten. Sie k\u00f6nnen auf die Inhalte von GymYou f\u00fcr Ihren pers\u00f6nlichen Gebrauch zugreifen, vorbehaltlich der in diesen Nutzungsbedingungen festgelegten Einschr\u00e4nkungen.<\/p><p>Das d\u00fcrfen Sie nicht:<\/p><ul><li>Wiederver\u00f6ffentlichung von Material von GymYou<\/li><li>Verkauf, Vermietung oder Unterlizenzierung von Material von GymYou<\/li><li>Material von GymYou zu reproduzieren, zu vervielf\u00e4ltigen oder zu kopieren<\/li><li>Inhalte von GymYou weiterverbreiten<\/li><\/ul><p>Sie erkl\u00e4ren sich damit einverstanden, dass alle Dienste, die urheberrechtlich gesch\u00fctzte Inhalte, Informationen und Materialien enthalten, durch geltende Gesetze zum Schutz des geistigen Eigentums und andere Gesetze, einschlie\u00dflich, aber nicht beschr\u00e4nkt auf Urheberrechtsgesetze, gesch\u00fctzt sind. Sie erkl\u00e4ren sich damit einverstanden, dass Sie solche urheberrechtlich gesch\u00fctzten Inhalte, Informationen und Materialien nicht auf andere Weise als in der App vorgesehen verwenden oder verbreiten werden.<\/p><p>Die Trainings- und \u00dcbungsinformationen und Bilder in der GymYou-Datenbank d\u00fcrfen ohne die ausdr\u00fcckliche schriftliche Zustimmung von GymYou nicht reproduziert, vervielf\u00e4ltigt, kopiert, ver\u00e4ndert, verkauft, weiterverkauft, vertrieben oder anderweitig f\u00fcr kommerzielle Zwecke verwendet werden.<\/p><h4>\u00a0<\/h4><h4>Inhalte von Drittanbietern<\/h4><p>Bestimmte Dienste k\u00f6nnen Inhalte, Meinungen, Daten, Informationen, Fotos, Anwendungen oder Materialien von Dritten (nutzergenerierte Inhalte oder andere) anzeigen, enthalten oder zur Verf\u00fcgung stellen oder Links zu bestimmten Websites Dritter anbieten. Durch die Nutzung von GymYou erkennen Sie an und erkl\u00e4ren sich damit einverstanden, dass der GymYou-Entwickler und das GymYou-Team oder Subunternehmer nicht daf\u00fcr verantwortlich sind, den Inhalt, die Genauigkeit, die Vollst\u00e4ndigkeit, die Aktualit\u00e4t, die G\u00fcltigkeit, die Einhaltung des Urheberrechts, die Rechtm\u00e4\u00dfigkeit, den Anstand, die Qualit\u00e4t oder andere Aspekte von Informationen oder Websites Dritter zu pr\u00fcfen oder zu bewerten. GymYou gibt keine Garantien oder Zusicherungen ab und \u00fcbernimmt weder Ihnen noch anderen Personen gegen\u00fcber eine Haftung oder Verantwortung f\u00fcr Dienstleistungen, Informationen, Inhalte oder Websites Dritter oder f\u00fcr andere Materialien, Produkte oder Dienstleistungen, die von Dritten bereitgestellt werden. Informationen von Dritten und Links zu anderen Websites werden lediglich als Annehmlichkeit f\u00fcr Sie bereitgestellt.<\/p><h4>\u00a0<\/h4><h3>Verlinkung zur GymYou App<\/h3><p>Unter Vorbehalt k\u00f6nnen Sie einen Link zu unserer Homepage, zur App oder zu anderen App-Informationen setzen, solange der Link (a) in keiner Weise irref\u00fchrend ist; (b) nicht f\u00e4lschlicherweise ein Sponsoring, eine Bef\u00fcrwortung oder eine Genehmigung der verlinkenden Partei und ihrer Produkte und\/oder Dienstleistungen impliziert; (c) in den Kontext der Website der verlinkenden Partei passt und (d) solange er keine Verleumdung, Unwahrheit oder \u00fcbertrieben negative Darstellung der App verbreitet.<\/p><p>Generell ist die Verwendung des GymYou-Logos oder anderer Grafiken f\u00fcr die Verlinkung nicht gestattet, es sei denn, es liegt ein Markenlizenzvertrag oder eine schriftliche Genehmigung vor.<\/p><p>Wir behalten uns das Recht vor, Sie aufzufordern, alle Links oder einen bestimmten Link zu unserer App zu entfernen. Sie erkl\u00e4ren sich damit einverstanden, alle Links zu unserer App auf Aufforderung unverz\u00fcglich zu entfernen. Wir behalten uns au\u00dferdem das Recht vor, diese Bedingungen und die Link-Richtlinie jederzeit zu \u00e4ndern. Durch die kontinuierliche Verkn\u00fcpfung mit unserer App erkl\u00e4ren Sie sich damit einverstanden, an diese Verkn\u00fcpfungsbedingungen gebunden zu sein und diese zu befolgen.<\/p><p>\u00a0<\/p><h3>iFrames<\/h3><p>Ohne vorherige Genehmigung und schriftliche Zustimmung d\u00fcrfen Sie keine Frames um unsere Webseiten herum erstellen, die die visuelle Darstellung oder das Aussehen unserer App in irgendeiner Weise ver\u00e4ndern.<\/p><p>\u00a0<\/p><h4>Gew\u00e4hrleistung<\/h4><p>Sie erkennen ausdr\u00fccklich an und stimmen zu, dass die Nutzung der GymYou App auf Ihr eigenes Risiko erfolgt und dass das gesamte Risiko hinsichtlich der zufriedenstellenden Qualit\u00e4t, Leistung und Genauigkeit bei Ihnen liegt. Sie erkennen ausdr\u00fccklich an und stimmen zu, dass GymYou keine Garantie \u00fcbernimmt. Der GymYou-Entwickler und das GymYou-Team oder Unterauftragnehmer lehnen hiermit alle ausdr\u00fccklichen, stillschweigenden oder gesetzlichen Garantien und Bedingungen in Bezug auf die GymYou-App und jegliche Dienste ab, einschlie\u00dflich, aber nicht beschr\u00e4nkt auf die stillschweigenden Garantien und\/oder Bedingungen der Marktg\u00e4ngigkeit, zufriedenstellenden Qualit\u00e4t, Eignung f\u00fcr einen bestimmten Zweck, Genauigkeit und Nichtverletzung von Rechten.<\/p><h4>\u00a0<\/h4><h4>Haftungsausschluss<\/h4><p>Die Dienste der GymYou-App stellen keine professionelle medizinische Dienstleistung oder Beratung dar.<\/p><p>Die von GymYou zur Verf\u00fcgung gestellten \u00dcbungen und die damit verbundenen Informationen und Empfehlungen dienen nur zu Informationszwecken und ersetzen nicht Ihren Arzt oder Fitnesstrainer. Konsultieren Sie immer einen kompetenten Fachmann (Arzt, Fitnesstrainer, etc.), bevor Sie mit einem neuen Training oder einer neuen \u00dcbung beginnen.<\/p><p>Unter keinen Umst\u00e4nden haften die Entwickler, Teams oder Subunternehmer von GymYou f\u00fcr Personensch\u00e4den, Gesundheitsprobleme oder zuf\u00e4llige, besondere, indirekte oder Folgesch\u00e4den jeglicher Art, einschlie\u00dflich, aber nicht beschr\u00e4nkt auf Sch\u00e4den durch entgangenen Gewinn, Gesch\u00e4ftsunterbrechung oder andere kommerzielle Sch\u00e4den oder Verluste, die sich aus Ihrer Nutzung oder der Unm\u00f6glichkeit der Nutzung der GymYou App und der angebotenen Dienste oder \u00dcbungen ergeben. Sie stimmen zu, dass Sie die GymYou App auf eigenes Risiko und freiwillig nutzen.<\/p><p>Durch das Herunterladen und die Nutzung der GymYou App erkl\u00e4ren Sie sich mit diesen Bedingungen einverstanden und stimmen au\u00dferdem zu, den GymYou-Entwickler, seine Unterauftragnehmer und Mitarbeiter f\u00fcr alle Unf\u00e4lle, Verletzungen oder direkte oder indirekte Sch\u00e4den jeglicher Art, die Sie erleiden k\u00f6nnten, schadlos zu halten.<\/p><p>Sie erkl\u00e4ren sich damit einverstanden, dass die Nutzung der GymYou App und der Dienste auf Ihr eigenes Risiko und Ihre eigene Gefahr erfolgt und dass GymYou, seine Entwickler, Teams und Subunternehmer oder Drittanbieter nicht f\u00fcr den Verlust oder die Besch\u00e4digung von Daten verantwortlich sind, die von Ihnen durch die Nutzung der GymYou App gesammelt wurden.<\/p><p>\u00a0<\/p><h3>Endnutzer-Lizenzvertrag (EULA)<\/h3><p>Durch die Nutzung der GymYou App stimme Sie ausdr\u00fccklich den <a href=\"https:\/\/www.apple.com\/legal\/internet-services\/itunes\/dev\/stdeula\/\">Endnutzer-Lizenzvertrag (EULA) zu<\/a>.<\/p><p>\u00a0<\/p><h3>Datenschutz<\/h3><p>Bitte Lesen Sie die <a href=\"https:\/\/gymyou.com\/de\/privacy-policy\/\">Datenschutzerkl\u00e4rung<\/a>.<\/p><p>\u00a0<\/p><h3>Entfernung von Links in GymYou<\/h3><p>Wenn Sie einen Link in der GymYou App oder Website finden, der aus irgendeinem Grund anst\u00f6\u00dfig ist, k\u00f6nnen Sie uns jederzeit kontaktieren und informieren. Wir werden Anfragen zur Entfernung von Links pr\u00fcfen, sind aber nicht verpflichtet, dies zu tun oder Ihnen direkt zu antworten.<\/p><p>\u00a0<\/p><h4>Beedindigung des Services<\/h4><p>GymYou beh\u00e4lt sich das Recht vor, alle Dienste jederzeit ohne Vorank\u00fcndigung zu \u00e4ndern, einzustellen und\/oder zu beenden.<\/p><h4>\u00a0<\/h4><h4>\u00c4nderungen<\/h4><p>GymYou beh\u00e4lt sich das Recht vor, die Nutzungsbedingungen jederzeit zu \u00e4ndern. Sie stimmen immer den aktuellen Nutzungsbedingungen zu, indem Sie die GymYou-App nutzen, daher liegt es in Ihrer Verantwortung, diese Vereinbarung regelm\u00e4\u00dfig zu \u00fcberpr\u00fcfen.<\/p><p>Bei Fragen k\u00f6nnen Sie sich gerne an contact@gymyou.com wenden.<\/p>\t\t\t\t\t\t\t\t<\/div>\n\t\t\t\t<\/div>\n\t\t\t\t\t<\/div>\n\t\t\t\t<\/div>\n\t\t\t\t<\/div>","protected":false},"excerpt":{"rendered":"<p>Welcome to GymYou! These terms and conditions outline the rules and regulations for the use of GymYou.&nbsp;By using the GymYou app you accept these terms and conditions. Do not continue to use GymYou if you do not agree to take all of the terms and conditions stated on this page. General Always consult an expert [&hellip;]<\/p>\n","protected":false},"author":1,"featured_media":0,"parent":0,"menu_order":0,"comment_status":"closed","ping_status":"closed","template":"","meta":{"_mo_disable_npp":"","footnotes":""},"class_list":["post-713","page","type-page","status-publish","hentry"],"yoast_head":"<!-- This site is optimized with the Yoast SEO plugin v27.4 - https:\/\/yoast.com\/product\/yoast-seo-wordpress\/ -->\n<title>Terms of Use - GymYou<\/title>\n<meta name=\"description\" content=\"Please read our Terms of Use and Privacy Policy carefully. If you have any questions, please feel free to contact us.\" \/>\n<meta name=\"robots\" content=\"index, follow, max-snippet:-1, max-image-preview:large, max-video-preview:-1\" \/>\n<link rel=\"canonical\" href=\"https:\/\/gymyou.com\/de\/terms-and-conditions\/\" \/>\n<meta property=\"og:locale\" content=\"de_DE\" \/>\n<meta property=\"og:type\" content=\"article\" \/>\n<meta property=\"og:title\" content=\"Terms of Use - GymYou\" \/>\n<meta property=\"og:description\" content=\"Please read our Terms of Use and Privacy Policy carefully. If you have any questions, please feel free to contact us.\" \/>\n<meta property=\"og:url\" content=\"https:\/\/gymyou.com\/de\/terms-and-conditions\/\" \/>\n<meta property=\"og:site_name\" content=\"GymYou \u2013 Workout Tracker App\" \/>\n<meta property=\"article:publisher\" content=\"https:\/\/www.facebook.com\/gymyouapp\" \/>\n<meta property=\"article:modified_time\" content=\"2022-10-20T11:08:20+00:00\" \/>\n<meta name=\"twitter:card\" content=\"summary_large_image\" \/>\n<meta name=\"twitter:site\" content=\"@gymyouapp\" \/>\n<meta name=\"twitter:label1\" content=\"Gesch\u00e4tzte Lesezeit\" \/>\n\t<meta name=\"twitter:data1\" content=\"5\u00a0Minuten\" \/>\n<script type=\"application\/ld+json\" class=\"yoast-schema-graph\">{\"@context\":\"https:\\\/\\\/schema.org\",\"@graph\":[{\"@type\":\"WebPage\",\"@id\":\"https:\\\/\\\/gymyou.com\\\/terms-and-conditions\\\/\",\"url\":\"https:\\\/\\\/gymyou.com\\\/terms-and-conditions\\\/\",\"name\":\"Terms of Use - GymYou\",\"isPartOf\":{\"@id\":\"https:\\\/\\\/gymyou.com\\\/en\\\/#website\"},\"datePublished\":\"2022-08-20T23:18:29+00:00\",\"dateModified\":\"2022-10-20T11:08:20+00:00\",\"description\":\"Please read our Terms of Use and Privacy Policy carefully. If you have any questions, please feel free to contact us.\",\"breadcrumb\":{\"@id\":\"https:\\\/\\\/gymyou.com\\\/terms-and-conditions\\\/#breadcrumb\"},\"inLanguage\":\"de\",\"potentialAction\":[{\"@type\":\"ReadAction\",\"target\":[\"https:\\\/\\\/gymyou.com\\\/terms-and-conditions\\\/\"]}]},{\"@type\":\"BreadcrumbList\",\"@id\":\"https:\\\/\\\/gymyou.com\\\/terms-and-conditions\\\/#breadcrumb\",\"itemListElement\":[{\"@type\":\"ListItem\",\"position\":1,\"name\":\"Home\",\"item\":\"https:\\\/\\\/gymyou.com\\\/\"},{\"@type\":\"ListItem\",\"position\":2,\"name\":\"Terms and Conditions\"}]},{\"@type\":\"WebSite\",\"@id\":\"https:\\\/\\\/gymyou.com\\\/en\\\/#website\",\"url\":\"https:\\\/\\\/gymyou.com\\\/en\\\/\",\"name\":\"GymYou \u2013 Workout Tracker App\",\"description\":\"Reach your goals at the gym.\",\"publisher\":{\"@id\":\"https:\\\/\\\/gymyou.com\\\/en\\\/#organization\"},\"potentialAction\":[{\"@type\":\"SearchAction\",\"target\":{\"@type\":\"EntryPoint\",\"urlTemplate\":\"https:\\\/\\\/gymyou.com\\\/en\\\/?s={search_term_string}\"},\"query-input\":{\"@type\":\"PropertyValueSpecification\",\"valueRequired\":true,\"valueName\":\"search_term_string\"}}],\"inLanguage\":\"de\"},{\"@type\":\"Organization\",\"@id\":\"https:\\\/\\\/gymyou.com\\\/en\\\/#organization\",\"name\":\"GymYou - Workout Tracker\",\"url\":\"https:\\\/\\\/gymyou.com\\\/en\\\/\",\"logo\":{\"@type\":\"ImageObject\",\"inLanguage\":\"de\",\"@id\":\"https:\\\/\\\/gymyou.com\\\/en\\\/#\\\/schema\\\/logo\\\/image\\\/\",\"url\":\"https:\\\/\\\/gymyou.com\\\/wp-content\\\/uploads\\\/2022\\\/05\\\/cropped-GymYou-Favicon.png\",\"contentUrl\":\"https:\\\/\\\/gymyou.com\\\/wp-content\\\/uploads\\\/2022\\\/05\\\/cropped-GymYou-Favicon.png\",\"width\":512,\"height\":512,\"caption\":\"GymYou - Workout Tracker\"},\"image\":{\"@id\":\"https:\\\/\\\/gymyou.com\\\/en\\\/#\\\/schema\\\/logo\\\/image\\\/\"},\"sameAs\":[\"https:\\\/\\\/www.facebook.com\\\/gymyouapp\",\"https:\\\/\\\/x.com\\\/gymyouapp\",\"https:\\\/\\\/www.instagram.com\\\/gymyou.app\\\/\"]}]}<\/script>\n<!-- \/ Yoast SEO plugin. -->","yoast_head_json":{"title":"Terms of Use - GymYou","description":"Please read our Terms of Use and Privacy Policy carefully. If you have any questions, please feel free to contact us.","robots":{"index":"index","follow":"follow","max-snippet":"max-snippet:-1","max-image-preview":"max-image-preview:large","max-video-preview":"max-video-preview:-1"},"canonical":"https:\/\/gymyou.com\/de\/terms-and-conditions\/","og_locale":"de_DE","og_type":"article","og_title":"Terms of Use - GymYou","og_description":"Please read our Terms of Use and Privacy Policy carefully. If you have any questions, please feel free to contact us.","og_url":"https:\/\/gymyou.com\/de\/terms-and-conditions\/","og_site_name":"GymYou \u2013 Workout Tracker App","article_publisher":"https:\/\/www.facebook.com\/gymyouapp","article_modified_time":"2022-10-20T11:08:20+00:00","twitter_card":"summary_large_image","twitter_site":"@gymyouapp","twitter_misc":{"Gesch\u00e4tzte Lesezeit":"5\u00a0Minuten"},"schema":{"@context":"https:\/\/schema.org","@graph":[{"@type":"WebPage","@id":"https:\/\/gymyou.com\/terms-and-conditions\/","url":"https:\/\/gymyou.com\/terms-and-conditions\/","name":"Terms of Use - GymYou","isPartOf":{"@id":"https:\/\/gymyou.com\/en\/#website"},"datePublished":"2022-08-20T23:18:29+00:00","dateModified":"2022-10-20T11:08:20+00:00","description":"Please read our Terms of Use and Privacy Policy carefully. If you have any questions, please feel free to contact us.","breadcrumb":{"@id":"https:\/\/gymyou.com\/terms-and-conditions\/#breadcrumb"},"inLanguage":"de","potentialAction":[{"@type":"ReadAction","target":["https:\/\/gymyou.com\/terms-and-conditions\/"]}]},{"@type":"BreadcrumbList","@id":"https:\/\/gymyou.com\/terms-and-conditions\/#breadcrumb","itemListElement":[{"@type":"ListItem","position":1,"name":"Home","item":"https:\/\/gymyou.com\/"},{"@type":"ListItem","position":2,"name":"Terms and Conditions"}]},{"@type":"WebSite","@id":"https:\/\/gymyou.com\/en\/#website","url":"https:\/\/gymyou.com\/en\/","name":"GymYou \u2013 Workout Tracker App","description":"Reach your goals at the gym.","publisher":{"@id":"https:\/\/gymyou.com\/en\/#organization"},"potentialAction":[{"@type":"SearchAction","target":{"@type":"EntryPoint","urlTemplate":"https:\/\/gymyou.com\/en\/?s={search_term_string}"},"query-input":{"@type":"PropertyValueSpecification","valueRequired":true,"valueName":"search_term_string"}}],"inLanguage":"de"},{"@type":"Organization","@id":"https:\/\/gymyou.com\/en\/#organization","name":"GymYou - Workout Tracker","url":"https:\/\/gymyou.com\/en\/","logo":{"@type":"ImageObject","inLanguage":"de","@id":"https:\/\/gymyou.com\/en\/#\/schema\/logo\/image\/","url":"https:\/\/gymyou.com\/wp-content\/uploads\/2022\/05\/cropped-GymYou-Favicon.png","contentUrl":"https:\/\/gymyou.com\/wp-content\/uploads\/2022\/05\/cropped-GymYou-Favicon.png","width":512,"height":512,"caption":"GymYou - Workout Tracker"},"image":{"@id":"https:\/\/gymyou.com\/en\/#\/schema\/logo\/image\/"},"sameAs":["https:\/\/www.facebook.com\/gymyouapp","https:\/\/x.com\/gymyouapp","https:\/\/www.instagram.com\/gymyou.app\/"]}]}},"_links":{"self":[{"href":"https:\/\/gymyou.com\/de\/wp-json\/wp\/v2\/pages\/713","targetHints":{"allow":["GET"]}}],"collection":[{"href":"https:\/\/gymyou.com\/de\/wp-json\/wp\/v2\/pages"}],"about":[{"href":"https:\/\/gymyou.com\/de\/wp-json\/wp\/v2\/types\/page"}],"author":[{"embeddable":true,"href":"https:\/\/gymyou.com\/de\/wp-json\/wp\/v2\/users\/1"}],"replies":[{"embeddable":true,"href":"https:\/\/gymyou.com\/de\/wp-json\/wp\/v2\/comments?post=713"}],"version-history":[{"count":10,"href":"https:\/\/gymyou.com\/de\/wp-json\/wp\/v2\/pages\/713\/revisions"}],"predecessor-version":[{"id":3218,"href":"https:\/\/gymyou.com\/de\/wp-json\/wp\/v2\/pages\/713\/revisions\/3218"}],"wp:attachment":[{"href":"https:\/\/gymyou.com\/de\/wp-json\/wp\/v2\/media?parent=713"}],"curies":[{"name":"wp","href":"https:\/\/api.w.org\/{rel}","templated":true}]}}